{"id":209,"date":"2024-07-30T15:43:28","date_gmt":"2024-07-30T13:43:28","guid":{"rendered":"https:\/\/reisel.fr\/?page_id=209"},"modified":"2025-10-30T10:14:58","modified_gmt":"2025-10-30T09:14:58","slug":"mentions-legales","status":"publish","type":"page","link":"https:\/\/reisel.fr\/it\/mentions-legales\/","title":{"rendered":"Note legali"},"content":{"rendered":"<div data-elementor-type=\"wp-page\" data-elementor-id=\"209\" class=\"elementor elementor-209\" data-elementor-post-type=\"page\">\n\t\t\t\t\t\t<section class=\"elementor-section elementor-top-section elementor-element elementor-element-2daaee3 elementor-section-height-min-height elementor-section-boxed elementor-section-height-default elementor-section-items-middle\" data-id=\"2daaee3\" data-element_type=\"section\" data-settings=\"{&quot;jet_parallax_layout_list&quot;:[],&quot;background_background&quot;:&quot;classic&quot;}\">\n\t\t\t\t\t\t<div class=\"elementor-container elementor-column-gap-default\">\n\t\t\t\t\t<div class=\"elementor-column elementor-col-100 elementor-top-column elementor-element elementor-element-a341696\" data-id=\"a341696\" data-element_type=\"column\">\n\t\t\t<div class=\"elementor-widget-wrap elementor-element-populated\">\n\t\t\t\t\t\t<div class=\"elementor-element elementor-element-7cd8071 elementor-widget elementor-widget-heading\" data-id=\"7cd8071\" data-element_type=\"widget\" data-widget_type=\"heading.default\">\n\t\t\t\t<div class=\"elementor-widget-container\">\n\t\t\t\t\t<h1 class=\"elementor-heading-title elementor-size-default\">Note legali<\/h1>\t\t\t\t<\/div>\n\t\t\t\t<\/div>\n\t\t\t\t<div class=\"elementor-element elementor-element-cb5a63a elementor-widget-divider--view-line elementor-widget elementor-widget-divider\" data-id=\"cb5a63a\" data-element_type=\"widget\" data-widget_type=\"divider.default\">\n\t\t\t\t<div class=\"elementor-widget-container\">\n\t\t\t\t\t\t\t<div class=\"elementor-divider\">\n\t\t\t<span class=\"elementor-divider-separator\">\n\t\t\t\t\t\t<\/span>\n\t\t<\/div>\n\t\t\t\t\t\t<\/div>\n\t\t\t\t<\/div>\n\t\t\t\t\t<\/div>\n\t\t<\/div>\n\t\t\t\t\t<\/div>\n\t\t<\/section>\n\t\t\t\t<section class=\"elementor-section elementor-top-section elementor-element elementor-element-7df3e72 elementor-section-boxed elementor-section-height-default elementor-section-height-default\" data-id=\"7df3e72\" data-element_type=\"section\" data-settings=\"{&quot;jet_parallax_layout_list&quot;:[]}\" data-no-translation=\"\">\n\t\t\t\t\t\t<div class=\"elementor-container elementor-column-gap-default\">\n\t\t\t\t\t<div class=\"elementor-column elementor-col-100 elementor-top-column elementor-element elementor-element-c259ca5\" data-id=\"c259ca5\" data-element_type=\"column\">\n\t\t\t<div class=\"elementor-widget-wrap elementor-element-populated\">\n\t\t\t\t\t\t<div class=\"elementor-element elementor-element-f404726 elementor-widget elementor-widget-heading\" data-id=\"f404726\" data-element_type=\"widget\" data-widget_type=\"heading.default\">\n\t\t\t\t<div class=\"elementor-widget-container\">\n\t\t\t\t\t<span class=\"elementor-heading-title elementor-size-default\">1. Propriet\u00e0 intellettuale<\/span>\t\t\t\t<\/div>\n\t\t\t\t<\/div>\n\t\t\t\t<div class=\"elementor-element elementor-element-901b677 elementor-widget elementor-widget-text-editor\" data-id=\"901b677\" data-element_type=\"widget\" data-widget_type=\"text-editor.default\">\n\t\t\t\t<div class=\"elementor-widget-container\">\n\t\t\t\t\t\t\t\t\t<p>Il sito web e ciascuno dei suoi elementi \u2014 compresi gli elementi grafici, i testi, le immagini, le banche dati, i programmi e gli sviluppi informatici del sito highco.fr, nonch\u00e9 le denominazioni sociali, i marchi e i loghi \u2014 sono di propriet\u00e0 esclusiva di RSL Holding o delle sue filiali.<\/p><p>Salvo per fini esclusivamente informativi e per un uso personale e privato, qualsiasi riproduzione, diffusione o utilizzo di qualunque natura senza l\u2019autorizzazione espressa di RSL Holding \u00e8 severamente vietato.<br \/>Ogni riproduzione, imitazione, estrazione o riutilizzo comporta la responsabilit\u00e0 del suo autore.<\/p>\t\t\t\t\t\t\t\t<\/div>\n\t\t\t\t<\/div>\n\t\t\t\t<div class=\"elementor-element elementor-element-0840da3 elementor-widget elementor-widget-heading\" data-id=\"0840da3\" data-element_type=\"widget\" data-widget_type=\"heading.default\">\n\t\t\t\t<div class=\"elementor-widget-container\">\n\t\t\t\t\t<span class=\"elementor-heading-title elementor-size-default\">2. Responsabilit\u00e0<\/span>\t\t\t\t<\/div>\n\t\t\t\t<\/div>\n\t\t\t\t<div class=\"elementor-element elementor-element-b8b3cfb elementor-widget elementor-widget-text-editor\" data-id=\"b8b3cfb\" data-element_type=\"widget\" data-widget_type=\"text-editor.default\">\n\t\t\t\t<div class=\"elementor-widget-container\">\n\t\t\t\t\t\t\t\t\t<p>RSL Holding si impegna a fare il possibile per garantire agli utenti l\u2019accessibilit\u00e0 al sito in ogni momento.<br \/>La societ\u00e0 si riserva il diritto di correggere e aggiornare i contenuti del sito in qualsiasi momento e senza preavviso.<\/p><p>Inoltre, RSL Holding declina ogni responsabilit\u00e0, per qualsiasi motivo, in caso di ritardi, errori o omissioni nei contenuti delle presenti pagine, cos\u00ec come in caso di interruzione, problemi tecnici (inclusi quelli di connessione) o indisponibilit\u00e0 del sito.<\/p><p>RSL Holding si riserva il diritto, per qualsiasi motivo e senza preavviso, di interrompere, modificare, sospendere o cessare l\u2019accesso a tutto o a parte del sito.<\/p><p>La societ\u00e0 non garantisce che il server che ospita il sito sia privo di virus o di altre infezioni logiche, n\u00e9 che non possano verificarsi problemi tecnici o deterioramenti che possano danneggiare i componenti del computer dell\u2019utente o i dati in esso contenuti.<\/p>\t\t\t\t\t\t\t\t<\/div>\n\t\t\t\t<\/div>\n\t\t\t\t<div class=\"elementor-element elementor-element-c101ddc elementor-widget elementor-widget-heading\" data-id=\"c101ddc\" data-element_type=\"widget\" data-widget_type=\"heading.default\">\n\t\t\t\t<div class=\"elementor-widget-container\">\n\t\t\t\t\t<span class=\"elementor-heading-title elementor-size-default\">3. Dati personali<\/span>\t\t\t\t<\/div>\n\t\t\t\t<\/div>\n\t\t\t\t<div class=\"elementor-element elementor-element-387940b elementor-widget elementor-widget-text-editor\" data-id=\"387940b\" data-element_type=\"widget\" data-widget_type=\"text-editor.default\">\n\t\t\t\t<div class=\"elementor-widget-container\">\n\t\t\t\t\t\t\t\t\t<p>Le informazioni raccolte possono essere oggetto di trattamento informatico da parte di RSL Holding, titolare del trattamento, con sede in 25 rue Edouard Nieuport \u2013 92150 Suresnes, al fine di offrirvi i servizi proposti dal sito e rispondere alle vostre richieste.<\/p><p>Conformemente alla Legge francese \u201cInformatique et Libert\u00e9s\u201d del 6 gennaio 1978, modificata, e al Regolamento Generale sulla Protezione dei Dati (RGPD), avete il diritto di accesso, rettifica, cancellazione dei vostri dati, nonch\u00e9 il diritto di limitare il trattamento, di portabilit\u00e0 dei dati, di opposizione alla prospezione commerciale (inclusa la profilazione), di opposizione per motivi legittimi, di presentare reclamo presso la CNIL e di definire direttive sul destino dei vostri dati dopo la morte.<\/p><p>Le richieste devono essere inviate a contact@reisel.fr<br \/>, accompagnate da una copia di un documento d\u2019identit\u00e0 recante la vostra firma, indicando nell\u2019oggetto \u201cDati Personali \u2013 Reisel\u201d.<\/p><p>Per ulteriori informazioni, potete consultare la nostra Informativa sulla privacy.<\/p>\t\t\t\t\t\t\t\t<\/div>\n\t\t\t\t<\/div>\n\t\t\t\t<div class=\"elementor-element elementor-element-0fc79d0 elementor-widget elementor-widget-heading\" data-id=\"0fc79d0\" data-element_type=\"widget\" data-widget_type=\"heading.default\">\n\t\t\t\t<div class=\"elementor-widget-container\">\n\t\t\t\t\t<span class=\"elementor-heading-title elementor-size-default\">4. Collegamenti ipertestuali<\/span>\t\t\t\t<\/div>\n\t\t\t\t<\/div>\n\t\t\t\t<div class=\"elementor-element elementor-element-4ea237b elementor-widget elementor-widget-text-editor\" data-id=\"4ea237b\" data-element_type=\"widget\" data-widget_type=\"text-editor.default\">\n\t\t\t\t<div class=\"elementor-widget-container\">\n\t\t\t\t\t\t\t\t\t<p>Il sito contiene collegamenti ipertestuali verso altri siti non gestiti da RSL Holding.<br \/>Di conseguenza, la societ\u00e0 non pu\u00f2 essere ritenuta responsabile dei contenuti di tali siti o di qualsiasi elemento o servizio presentato su di essi.<\/p><p>Allo stesso modo, la consultazione e la raccolta di dati personali su tali siti sono soggette alle condizioni d\u2019uso e alle politiche di protezione dei dati proprie di ciascun sito.<\/p><p>La creazione di collegamenti ipertestuali verso questo sito \u00e8 soggetta ad autorizzazione preventiva dell\u2019editore.<\/p>\t\t\t\t\t\t\t\t<\/div>\n\t\t\t\t<\/div>\n\t\t\t\t<div class=\"elementor-element elementor-element-d266306 elementor-widget elementor-widget-heading\" data-id=\"d266306\" data-element_type=\"widget\" data-widget_type=\"heading.default\">\n\t\t\t\t<div class=\"elementor-widget-container\">\n\t\t\t\t\t<span class=\"elementor-heading-title elementor-size-default\">5. Cookie<\/span>\t\t\t\t<\/div>\n\t\t\t\t<\/div>\n\t\t\t\t<div class=\"elementor-element elementor-element-7289944 elementor-widget elementor-widget-text-editor\" data-id=\"7289944\" data-element_type=\"widget\" data-widget_type=\"text-editor.default\">\n\t\t\t\t<div class=\"elementor-widget-container\">\n\t\t\t\t\t\t\t\t\t<div id=\"content\" class=\"site-content suki-section suki-section-default suki-content-layout-wide\"><div class=\"suki-content-inner suki-section-inner\"><div class=\"suki-wrapper\"><div class=\"suki-content-row\"><div id=\"primary\" class=\"content-area\"><article id=\"page-155\" class=\"entry entry-page entry-layout-default post-155 page type-page status-publish hentry\" role=\"article\"><div class=\"entry-wrapper\"><div class=\"entry-content\"><div class=\"wp-block-group\"><div class=\"wp-block-group__inner-container is-layout-flow wp-block-group-is-layout-flow\"><p>I cookie sono file di testo depositati sul vostro dispositivo (computer, smartphone, tablet) durante la consultazione di un sito web.<br \/>Essi registrano informazioni relative alla vostra navigazione su tale sito e possono essere letti o modificati solo dal soggetto che li ha emessi.<\/p><p>I cookie utilizzati su questo sito hanno come unico scopo quello di migliorare la vostra esperienza di navigazione e di misurare l\u2019audience del sito.<\/p><p>Per ulteriori informazioni, potete consultare la nostra Informativa sulla privacy.<\/p><\/div><\/div><\/div><\/div><\/article><\/div><\/div><\/div><\/div><\/div>\t\t\t\t\t\t\t\t<\/div>\n\t\t\t\t<\/div>\n\t\t\t\t\t<\/div>\n\t\t<\/div>\n\t\t\t\t\t<\/div>\n\t\t<\/section>\n\t\t\t\t<\/div>","protected":false},"excerpt":{"rendered":"<p>1. Propriet\u00e0 intellettuale Il sito web e ciascuno dei suoi elementi - compresi gli elementi grafici, i testi, le immagini, le banche dati, i programmi e gli sviluppi informatici del sito highco.fr, nonch\u00e9 le denominazioni sociali, i marchi e i loghi - sono di propriet\u00e0 esclusiva di RSL Holding o delle sue filiali. Salvo per [...]<\/p>","protected":false},"author":2,"featured_media":0,"parent":0,"menu_order":0,"comment_status":"closed","ping_status":"closed","template":"","meta":{"footnotes":""},"class_list":["post-209","page","type-page","status-publish","hentry"],"yoast_head":"<!-- This site is optimized with the Yoast SEO plugin v26.3 - https:\/\/yoast.com\/wordpress\/plugins\/seo\/ -->\n<title>Mentions l\u00e9gales - Reisel<\/title>\n<meta name=\"robots\" content=\"index, follow, max-snippet:-1, max-image-preview:large, max-video-preview:-1\" \/>\n<link rel=\"canonical\" href=\"https:\/\/reisel.fr\/it\/mentions-legales\/\" \/>\n<meta property=\"og:locale\" content=\"it_IT\" \/>\n<meta property=\"og:type\" content=\"article\" \/>\n<meta property=\"og:title\" content=\"Mentions l\u00e9gales - Reisel\" \/>\n<meta property=\"og:description\" content=\"1. Propriet\u00e0 intellettuale Il sito web e ciascuno dei suoi elementi \u2014 compresi gli elementi grafici, i testi, le immagini, le banche dati, i programmi e gli sviluppi informatici del sito highco.fr, nonch\u00e9 le denominazioni sociali, i marchi e i loghi \u2014 sono di propriet\u00e0 esclusiva di RSL Holding o delle sue filiali. Salvo per [&hellip;]\" \/>\n<meta property=\"og:url\" content=\"https:\/\/reisel.fr\/it\/mentions-legales\/\" \/>\n<meta property=\"og:site_name\" content=\"Reisel\" \/>\n<meta property=\"article:modified_time\" content=\"2025-10-30T09:14:58+00:00\" \/>\n<meta name=\"twitter:card\" content=\"summary_large_image\" \/>\n<meta name=\"twitter:label1\" content=\"Tempo di lettura stimato\" \/>\n\t<meta name=\"twitter:data1\" content=\"9 minuti\" \/>\n<script type=\"application\/ld+json\" class=\"yoast-schema-graph\">{\"@context\":\"https:\/\/schema.org\",\"@graph\":[{\"@type\":\"WebPage\",\"@id\":\"https:\/\/reisel.fr\/mentions-legales\/\",\"url\":\"https:\/\/reisel.fr\/mentions-legales\/\",\"name\":\"Mentions l\u00e9gales - Reisel\",\"isPartOf\":{\"@id\":\"https:\/\/reisel.fr\/#website\"},\"datePublished\":\"2024-07-30T13:43:28+00:00\",\"dateModified\":\"2025-10-30T09:14:58+00:00\",\"breadcrumb\":{\"@id\":\"https:\/\/reisel.fr\/mentions-legales\/#breadcrumb\"},\"inLanguage\":\"it-IT\",\"potentialAction\":[{\"@type\":\"ReadAction\",\"target\":[\"https:\/\/reisel.fr\/mentions-legales\/\"]}]},{\"@type\":\"BreadcrumbList\",\"@id\":\"https:\/\/reisel.fr\/mentions-legales\/#breadcrumb\",\"itemListElement\":[{\"@type\":\"ListItem\",\"position\":1,\"name\":\"Accueil\",\"item\":\"https:\/\/reisel.fr\/\"},{\"@type\":\"ListItem\",\"position\":2,\"name\":\"Mentions l\u00e9gales\"}]},{\"@type\":\"WebSite\",\"@id\":\"https:\/\/reisel.fr\/#website\",\"url\":\"https:\/\/reisel.fr\/\",\"name\":\"Reisel\",\"description\":\"\",\"publisher\":{\"@id\":\"https:\/\/reisel.fr\/#organization\"},\"potentialAction\":[{\"@type\":\"SearchAction\",\"target\":{\"@type\":\"EntryPoint\",\"urlTemplate\":\"https:\/\/reisel.fr\/?s={search_term_string}\"},\"query-input\":{\"@type\":\"PropertyValueSpecification\",\"valueRequired\":true,\"valueName\":\"search_term_string\"}}],\"inLanguage\":\"it-IT\"},{\"@type\":\"Organization\",\"@id\":\"https:\/\/reisel.fr\/#organization\",\"name\":\"Reisel\",\"url\":\"https:\/\/reisel.fr\/\",\"logo\":{\"@type\":\"ImageObject\",\"inLanguage\":\"it-IT\",\"@id\":\"https:\/\/reisel.fr\/#\/schema\/logo\/image\/\",\"url\":\"https:\/\/reisel.fr\/wp-content\/uploads\/2024\/07\/cropped-Logo-Reisel.png\",\"contentUrl\":\"https:\/\/reisel.fr\/wp-content\/uploads\/2024\/07\/cropped-Logo-Reisel.png\",\"width\":1488,\"height\":1139,\"caption\":\"Reisel\"},\"image\":{\"@id\":\"https:\/\/reisel.fr\/#\/schema\/logo\/image\/\"}}]}<\/script>\n<!-- \/ Yoast SEO plugin. -->","yoast_head_json":{"title":"Informazioni legali - Reisel","robots":{"index":"index","follow":"follow","max-snippet":"max-snippet:-1","max-image-preview":"max-image-preview:large","max-video-preview":"max-video-preview:-1"},"canonical":"https:\/\/reisel.fr\/it\/mentions-legales\/","og_locale":"it_IT","og_type":"article","og_title":"Mentions l\u00e9gales - Reisel","og_description":"1. Propriet\u00e0 intellettuale Il sito web e ciascuno dei suoi elementi \u2014 compresi gli elementi grafici, i testi, le immagini, le banche dati, i programmi e gli sviluppi informatici del sito highco.fr, nonch\u00e9 le denominazioni sociali, i marchi e i loghi \u2014 sono di propriet\u00e0 esclusiva di RSL Holding o delle sue filiali. Salvo per [&hellip;]","og_url":"https:\/\/reisel.fr\/it\/mentions-legales\/","og_site_name":"Reisel","article_modified_time":"2025-10-30T09:14:58+00:00","twitter_card":"summary_large_image","twitter_misc":{"Tempo di lettura stimato":"9 minuti"},"schema":{"@context":"https:\/\/schema.org","@graph":[{"@type":"WebPage","@id":"https:\/\/reisel.fr\/mentions-legales\/","url":"https:\/\/reisel.fr\/mentions-legales\/","name":"Informazioni legali - Reisel","isPartOf":{"@id":"https:\/\/reisel.fr\/#website"},"datePublished":"2024-07-30T13:43:28+00:00","dateModified":"2025-10-30T09:14:58+00:00","breadcrumb":{"@id":"https:\/\/reisel.fr\/mentions-legales\/#breadcrumb"},"inLanguage":"it-IT","potentialAction":[{"@type":"ReadAction","target":["https:\/\/reisel.fr\/mentions-legales\/"]}]},{"@type":"BreadcrumbList","@id":"https:\/\/reisel.fr\/mentions-legales\/#breadcrumb","itemListElement":[{"@type":"ListItem","position":1,"name":"Accueil","item":"https:\/\/reisel.fr\/"},{"@type":"ListItem","position":2,"name":"Mentions l\u00e9gales"}]},{"@type":"WebSite","@id":"https:\/\/reisel.fr\/#website","url":"https:\/\/reisel.fr\/","name":"Reisel","description":"","publisher":{"@id":"https:\/\/reisel.fr\/#organization"},"potentialAction":[{"@type":"SearchAction","target":{"@type":"EntryPoint","urlTemplate":"https:\/\/reisel.fr\/?s={search_term_string}"},"query-input":{"@type":"PropertyValueSpecification","valueRequired":true,"valueName":"search_term_string"}}],"inLanguage":"it-IT"},{"@type":"Organization","@id":"https:\/\/reisel.fr\/#organization","name":"Reisel","url":"https:\/\/reisel.fr\/","logo":{"@type":"ImageObject","inLanguage":"it-IT","@id":"https:\/\/reisel.fr\/#\/schema\/logo\/image\/","url":"https:\/\/reisel.fr\/wp-content\/uploads\/2024\/07\/cropped-Logo-Reisel.png","contentUrl":"https:\/\/reisel.fr\/wp-content\/uploads\/2024\/07\/cropped-Logo-Reisel.png","width":1488,"height":1139,"caption":"Reisel"},"image":{"@id":"https:\/\/reisel.fr\/#\/schema\/logo\/image\/"}}]}},"_links":{"self":[{"href":"https:\/\/reisel.fr\/it\/wp-json\/wp\/v2\/pages\/209","targetHints":{"allow":["GET"]}}],"collection":[{"href":"https:\/\/reisel.fr\/it\/wp-json\/wp\/v2\/pages"}],"about":[{"href":"https:\/\/reisel.fr\/it\/wp-json\/wp\/v2\/types\/page"}],"author":[{"embeddable":true,"href":"https:\/\/reisel.fr\/it\/wp-json\/wp\/v2\/users\/2"}],"replies":[{"embeddable":true,"href":"https:\/\/reisel.fr\/it\/wp-json\/wp\/v2\/comments?post=209"}],"version-history":[{"count":0,"href":"https:\/\/reisel.fr\/it\/wp-json\/wp\/v2\/pages\/209\/revisions"}],"wp:attachment":[{"href":"https:\/\/reisel.fr\/it\/wp-json\/wp\/v2\/media?parent=209"}],"curies":[{"name":"wp","href":"https:\/\/api.w.org\/{rel}","templated":true}]}}