{"id":23,"date":"2024-07-29T13:24:25","date_gmt":"2024-07-29T11:24:25","guid":{"rendered":"https:\/\/reisel.fr\/?page_id=23"},"modified":"2025-11-04T17:18:37","modified_gmt":"2025-11-04T16:18:37","slug":"actu","status":"publish","type":"page","link":"https:\/\/reisel.fr\/en\/actu\/","title":{"rendered":"News"},"content":{"rendered":"<div data-elementor-type=\"wp-page\" data-elementor-id=\"23\" class=\"elementor elementor-23\" data-elementor-post-type=\"page\">\n\t\t\t\t\t\t<section class=\"elementor-section elementor-top-section elementor-element elementor-element-269bf24 elementor-section-height-min-height elementor-section-boxed elementor-section-height-default elementor-section-items-middle\" data-id=\"269bf24\" data-element_type=\"section\" data-settings=\"{&quot;background_background&quot;:&quot;classic&quot;,&quot;sticky&quot;:&quot;top&quot;,&quot;jet_parallax_layout_list&quot;:[],&quot;sticky_on&quot;:[&quot;widescreen&quot;,&quot;desktop&quot;,&quot;laptop&quot;,&quot;tablet_extra&quot;,&quot;tablet&quot;,&quot;mobile_extra&quot;,&quot;mobile&quot;],&quot;sticky_offset&quot;:0,&quot;sticky_effects_offset&quot;:0,&quot;sticky_anchor_link_offset&quot;:0}\">\n\t\t\t\t\t\t\t<div class=\"elementor-background-overlay\"><\/div>\n\t\t\t\t\t\t\t<div class=\"elementor-container elementor-column-gap-default\">\n\t\t\t\t\t<div class=\"elementor-column elementor-col-100 elementor-top-column elementor-element elementor-element-494a6f9\" data-id=\"494a6f9\" data-element_type=\"column\">\n\t\t\t<div class=\"elementor-widget-wrap elementor-element-populated\">\n\t\t\t\t\t\t<div class=\"elementor-element elementor-element-c55fcb5 elementor-widget__width-initial elementor-widget elementor-widget-heading\" data-id=\"c55fcb5\" data-element_type=\"widget\" data-widget_type=\"heading.default\">\n\t\t\t\t<div class=\"elementor-widget-container\">\n\t\t\t\t\t<h1 class=\"elementor-heading-title elementor-size-default\">News <\/h1>\t\t\t\t<\/div>\n\t\t\t\t<\/div>\n\t\t\t\t\t<\/div>\n\t\t<\/div>\n\t\t\t\t\t<\/div>\n\t\t<\/section>\n\t\t\t\t<section class=\"elementor-section elementor-top-section elementor-element elementor-element-dae30f0 elementor-section-boxed elementor-section-height-default elementor-section-height-default\" data-id=\"dae30f0\" data-element_type=\"section\" data-settings=\"{&quot;background_background&quot;:&quot;classic&quot;,&quot;jet_parallax_layout_list&quot;:[]}\">\n\t\t\t\t\t\t<div class=\"elementor-container elementor-column-gap-default\">\n\t\t\t\t\t<div class=\"elementor-column elementor-col-100 elementor-top-column elementor-element elementor-element-c3d379f\" data-id=\"c3d379f\" data-element_type=\"column\">\n\t\t\t<div class=\"elementor-widget-wrap elementor-element-populated\">\n\t\t\t\t\t\t<section class=\"elementor-section elementor-inner-section elementor-element elementor-element-00d0a5b elementor-section-boxed elementor-section-height-default elementor-section-height-default\" data-id=\"00d0a5b\" data-element_type=\"section\" data-settings=\"{&quot;jet_parallax_layout_list&quot;:[]}\">\n\t\t\t\t\t\t<div class=\"elementor-container elementor-column-gap-default\">\n\t\t\t\t\t<div class=\"elementor-column elementor-col-100 elementor-inner-column elementor-element elementor-element-3e7c67e\" data-id=\"3e7c67e\" data-element_type=\"column\">\n\t\t\t<div class=\"elementor-widget-wrap elementor-element-populated\">\n\t\t\t\t\t\t<div class=\"elementor-element elementor-element-36541a1 elementor-widget elementor-widget-heading\" data-id=\"36541a1\" data-element_type=\"widget\" data-widget_type=\"heading.default\">\n\t\t\t\t<div class=\"elementor-widget-container\">\n\t\t\t\t\t<h2 class=\"elementor-heading-title elementor-size-default\">Headlines <\/h2>\t\t\t\t<\/div>\n\t\t\t\t<\/div>\n\t\t\t\t<div class=\"elementor-element elementor-element-e732128 elementor-widget__width-initial post elementor-widget elementor-widget-jet-posts\" data-id=\"e732128\" data-element_type=\"widget\" data-settings=\"{&quot;columns_mobile&quot;:&quot;1&quot;,&quot;columns&quot;:&quot;1&quot;}\" data-widget_type=\"jet-posts.default\">\n\t\t\t\t<div class=\"elementor-widget-container\">\n\t\t\t\t\t<div class=\"elementor-jet-posts jet-elements\"><div class=\"jet-posts col-row  jet-equal-cols\"><\/div>\n<\/div>\t\t\t\t<\/div>\n\t\t\t\t<\/div>\n\t\t\t\t\t<\/div>\n\t\t<\/div>\n\t\t\t\t\t<\/div>\n\t\t<\/section>\n\t\t\t\t<section class=\"elementor-section elementor-inner-section elementor-element elementor-element-b81c213 elementor-section-boxed elementor-section-height-default elementor-section-height-default\" data-id=\"b81c213\" data-element_type=\"section\" data-settings=\"{&quot;jet_parallax_layout_list&quot;:[]}\">\n\t\t\t\t\t\t<div class=\"elementor-container elementor-column-gap-default\">\n\t\t\t\t\t<div class=\"elementor-column elementor-col-100 elementor-inner-column elementor-element elementor-element-97b4656\" data-id=\"97b4656\" data-element_type=\"column\">\n\t\t\t<div class=\"elementor-widget-wrap elementor-element-populated\">\n\t\t\t\t\t\t<div class=\"elementor-element elementor-element-0b9e77f elementor-widget elementor-widget-jet-smart-filters-radio\" data-id=\"0b9e77f\" data-element_type=\"widget\" data-widget_type=\"jet-smart-filters-radio.default\">\n\t\t\t\t<div class=\"elementor-widget-container\">\n\t\t\t\t\t<div class=\"jet-smart-filters-radio jet-filter\" data-indexer-rule=\"show\" data-show-counter=\"\" data-change-counter=\"always\"><div class=\"jet-radio-list\" data-query-type=\"tax_query\" data-query-var=\"category\" data-smart-filter=\"radio\" data-filter-id=\"1906\" data-apply-type=\"ajax\" data-content-provider=\"epro-posts\" data-additional-providers=\"\" data-query-id=\"default\" data-active-label=\"\" data-layout-options=\"{&quot;show_label&quot;:&quot;&quot;,&quot;display_options&quot;:{&quot;show_items_label&quot;:false,&quot;show_decorator&quot;:false,&quot;filter_image_size&quot;:&quot;full&quot;,&quot;show_counter&quot;:false}}\" data-query-var-suffix=\"\" data-apply-on=\"value\" data-can-deselect=\"1\"><form class=\"jet-radio-list-wrapper\" action=\"\"><fieldset><legend style=\"display:none;\">Article categories<\/legend><div class=\"jet-radio-list__row jet-filter-row\">\n\t\t<label class=\"jet-radio-list__item\" >\n\t\t<input\n\t\t\ttype=\"radio\"\n\t\t\tclass=\"jet-radio-list__input\"\n\t\t\tname=\"category\"\n\t\t\tvalue=\"all\"\n\t\t\tdata-label=\"Tous\"\n\t\t\t\t\t\taria-label=\"All\"\n\t\t\t\t\t>\n\t\t<div class=\"jet-radio-list__button\">\n\t\t\t\t\t\t<span class=\"jet-radio-list__label\">All<\/span>\n\t\t\t\t\t<\/div>\n\t<\/label>\n<\/div><div class=\"jet-radio-list__row jet-filter-row\">\n\t\t<label class=\"jet-radio-list__item\" >\n\t\t<input\n\t\t\ttype=\"radio\"\n\t\t\tclass=\"jet-radio-list__input\"\n\t\t\tname=\"category\"\n\t\t\tvalue=\"22\"\n\t\t\tdata-label=\"Engagements\"\n\t\t\t\t\t\taria-label=\"Commitments\"\n\t\t\t\t\t>\n\t\t<div class=\"jet-radio-list__button\">\n\t\t\t\t\t\t<span class=\"jet-radio-list__label\">Commitments<\/span>\n\t\t\t\t\t<\/div>\n\t<\/label>\n<\/div><div class=\"jet-radio-list__row jet-filter-row\">\n\t\t<label class=\"jet-radio-list__item\" >\n\t\t<input\n\t\t\ttype=\"radio\"\n\t\t\tclass=\"jet-radio-list__input\"\n\t\t\tname=\"category\"\n\t\t\tvalue=\"21\"\n\t\t\tdata-label=\"Expertises\"\n\t\t\t\t\t\taria-label=\"Expertises\"\n\t\t\t\t\t>\n\t\t<div class=\"jet-radio-list__button\">\n\t\t\t\t\t\t<span class=\"jet-radio-list__label\">Expertises<\/span>\n\t\t\t\t\t<\/div>\n\t<\/label>\n<\/div><div class=\"jet-radio-list__row jet-filter-row\">\n\t\t<label class=\"jet-radio-list__item\" >\n\t\t<input\n\t\t\ttype=\"radio\"\n\t\t\tclass=\"jet-radio-list__input\"\n\t\t\tname=\"category\"\n\t\t\tvalue=\"20\"\n\t\t\tdata-label=\"Groupe\"\n\t\t\t\t\t\taria-label=\"Group\"\n\t\t\t\t\t>\n\t\t<div class=\"jet-radio-list__button\">\n\t\t\t\t\t\t<span class=\"jet-radio-list__label\">Group<\/span>\n\t\t\t\t\t<\/div>\n\t<\/label>\n<\/div><\/fieldset><input type=\"hidden\" name=\"trp-form-language\" value=\"en\"\/><\/form><\/div>\n<\/div>\t\t\t\t<\/div>\n\t\t\t\t<\/div>\n\t\t\t\t\t<\/div>\n\t\t<\/div>\n\t\t\t\t\t<\/div>\n\t\t<\/section>\n\t\t\t\t\t<\/div>\n\t\t<\/div>\n\t\t\t\t\t<\/div>\n\t\t<\/section>\n\t\t\t\t<section class=\"elementor-section elementor-top-section elementor-element elementor-element-e4e57ea elementor-section-boxed elementor-section-height-default elementor-section-height-default\" data-id=\"e4e57ea\" data-element_type=\"section\" data-settings=\"{&quot;jet_parallax_layout_list&quot;:[],&quot;background_background&quot;:&quot;classic&quot;}\">\n\t\t\t\t\t\t<div class=\"elementor-container elementor-column-gap-default\">\n\t\t\t\t\t<div class=\"elementor-column elementor-col-100 elementor-top-column elementor-element elementor-element-7f3e4c0\" data-id=\"7f3e4c0\" data-element_type=\"column\">\n\t\t\t<div class=\"elementor-widget-wrap elementor-element-populated\">\n\t\t\t\t\t\t<div class=\"elementor-element elementor-element-b30742d elementor-widget elementor-widget-heading\" data-id=\"b30742d\" data-element_type=\"widget\" data-widget_type=\"heading.default\">\n\t\t\t\t<div class=\"elementor-widget-container\">\n\t\t\t\t\t<h2 class=\"elementor-heading-title elementor-size-default\">DO YOU KNOW REISEL?<\/h2>\t\t\t\t<\/div>\n\t\t\t\t<\/div>\n\t\t\t\t<div class=\"elementor-element elementor-element-d5867a9 elementor-widget elementor-widget-template\" data-id=\"d5867a9\" data-element_type=\"widget\" data-widget_type=\"template.default\">\n\t\t\t\t<div class=\"elementor-widget-container\">\n\t\t\t\t\t\t\t<div class=\"elementor-template\">\n\t\t\t\t\t<div data-elementor-type=\"section\" data-elementor-id=\"1203\" class=\"elementor elementor-1203\" data-elementor-post-type=\"elementor_library\">\n\t\t\t\t\t<section class=\"elementor-section elementor-top-section elementor-element elementor-element-a9e887e elementor-section-boxed elementor-section-height-default elementor-section-height-default\" data-id=\"a9e887e\" data-element_type=\"section\" id=\"a-la-folie\" data-settings=\"{&quot;jet_parallax_layout_list&quot;:[]}\">\n\t\t\t\t\t\t<div class=\"elementor-container elementor-column-gap-default\">\n\t\t\t\t\t<div class=\"elementor-column elementor-col-100 elementor-top-column elementor-element elementor-element-91a6f20 modele\" data-id=\"91a6f20\" data-element_type=\"column\" id=\"a-la-folie\">\n\t\t\t<div class=\"elementor-widget-wrap elementor-element-populated\">\n\t\t\t\t\t\t<div class=\"elementor-element elementor-element-954bdeb petale elementor-hidden-tablet elementor-hidden-mobile_extra elementor-hidden-mobile elementor-widget elementor-widget-text-editor\" data-id=\"954bdeb\" data-element_type=\"widget\" data-widget_type=\"text-editor.default\">\n\t\t\t\t<div class=\"elementor-widget-container\">\n\t\t\t\t\t\t\t\t\t<p><a href=\"#pas-du-tout\">NOT AT ALL<\/a>\u00a0 |\u00a0 <a href=\"#un-peu\">A LITTLE<\/a>\u00a0 | <a href=\"#beaucoup\">A LOT<\/a>\u00a0 |\u00a0 <a href=\"#passionnement\">PASSIONATELY<\/a>\u00a0 |\u00a0 <a style=\"color: #77b57a;\" href=\"#a-la-folie\">MADLY<\/a><\/p>\t\t\t\t\t\t\t\t<\/div>\n\t\t\t\t<\/div>\n\t\t\t\t<section class=\"elementor-section elementor-inner-section elementor-element elementor-element-7e3c1c4 elementor-section-boxed elementor-section-height-default elementor-section-height-default\" data-id=\"7e3c1c4\" data-element_type=\"section\" data-settings=\"{&quot;jet_parallax_layout_list&quot;:[]}\">\n\t\t\t\t\t\t<div class=\"elementor-container elementor-column-gap-default\">\n\t\t\t\t\t<div class=\"elementor-column elementor-col-100 elementor-inner-column elementor-element elementor-element-93408f0\" data-id=\"93408f0\" data-element_type=\"column\">\n\t\t\t<div class=\"elementor-widget-wrap elementor-element-populated\">\n\t\t\t\t\t\t<div class=\"elementor-element elementor-element-d72f37f elementor-widget elementor-widget-heading\" data-id=\"d72f37f\" data-element_type=\"widget\" data-widget_type=\"heading.default\">\n\t\t\t\t<div class=\"elementor-widget-container\">\n\t\t\t\t\t<p class=\"elementor-heading-title elementor-size-default\">MADLY<\/p>\t\t\t\t<\/div>\n\t\t\t\t<\/div>\n\t\t\t\t<div class=\"elementor-element elementor-element-c2915bd elementor-widget elementor-widget-text-editor\" data-id=\"c2915bd\" data-element_type=\"widget\" data-widget_type=\"text-editor.default\">\n\t\t\t\t<div class=\"elementor-widget-container\">\n\t\t\t\t\t\t\t\t\tReady to dive into the Reisel universe?<br\/>\nCome aboard and learn more about us.\t\t\t\t\t\t\t\t<\/div>\n\t\t\t\t<\/div>\n\t\t\t\t<div class=\"elementor-element elementor-element-785eaa8 elementor-align-left elementor-mobile-align-center elementor-widget elementor-widget-button\" data-id=\"785eaa8\" data-element_type=\"widget\" data-widget_type=\"button.default\">\n\t\t\t\t<div class=\"elementor-widget-container\">\n\t\t\t\t\t\t\t\t\t<div class=\"elementor-button-wrapper\">\n\t\t\t\t\t<a class=\"elementor-button elementor-button-link elementor-size-sm\" href=\"https:\/\/recrutement.reisel.fr\/\" target=\"_blank\">\n\t\t\t\t\t\t<span class=\"elementor-button-content-wrapper\">\n\t\t\t\t\t\t\t\t\t<span class=\"elementor-button-text\">Join Us<\/span>\n\t\t\t\t\t<\/span>\n\t\t\t\t\t<\/a>\n\t\t\t\t<\/div>\n\t\t\t\t\t\t\t\t<\/div>\n\t\t\t\t<\/div>\n\t\t\t\t\t<\/div>\n\t\t<\/div>\n\t\t\t\t\t<\/div>\n\t\t<\/section>\n\t\t\t\t\t<\/div>\n\t\t<\/div>\n\t\t\t\t\t<\/div>\n\t\t<\/section>\n\t\t\t\t<\/div>\n\t\t\t\t<\/div>\n\t\t\t\t\t\t<\/div>\n\t\t\t\t<\/div>\n\t\t\t\t\t<\/div>\n\t\t<\/div>\n\t\t\t\t\t<\/div>\n\t\t<\/section>\n\t\t\t\t<\/div>","protected":false},"excerpt":{"rendered":"<p>Article 1 Read the article Article categories All Commitments Expertises Group<\/p>","protected":false},"author":2,"featured_media":0,"parent":0,"menu_order":0,"comment_status":"closed","ping_status":"closed","template":"","meta":{"footnotes":""},"class_list":["post-23","page","type-page","status-publish","hentry"],"yoast_head":"<!-- This site is optimized with the Yoast SEO plugin v26.3 - https:\/\/yoast.com\/wordpress\/plugins\/seo\/ -->\n<title>Actualit\u00e9s et insights en ing\u00e9nierie &amp; gestion de projets | Reisel<\/title>\n<meta name=\"description\" content=\"Restez inform\u00e9s des retours d\u2019exp\u00e9rience, innovations et tendances du secteur de l\u2019ing\u00e9nierie et de la gestion de projets avec les actualit\u00e9s de Reisel.\" \/>\n<meta name=\"robots\" content=\"index, follow, max-snippet:-1, max-image-preview:large, max-video-preview:-1\" \/>\n<link rel=\"canonical\" href=\"https:\/\/reisel.fr\/en\/actu\/\" \/>\n<meta property=\"og:locale\" content=\"en_GB\" \/>\n<meta property=\"og:type\" content=\"article\" \/>\n<meta property=\"og:title\" content=\"Actualit\u00e9s et insights en ing\u00e9nierie &amp; gestion de projets | Reisel\" \/>\n<meta property=\"og:description\" content=\"Restez inform\u00e9s des retours d\u2019exp\u00e9rience, innovations et tendances du secteur de l\u2019ing\u00e9nierie et de la gestion de projets avec les actualit\u00e9s de Reisel.\" \/>\n<meta property=\"og:url\" content=\"https:\/\/reisel.fr\/en\/actu\/\" \/>\n<meta property=\"og:site_name\" content=\"Reisel\" \/>\n<meta property=\"article:modified_time\" content=\"2025-11-04T16:18:37+00:00\" \/>\n<meta property=\"og:image\" content=\"https:\/\/reisel.fr\/wp-content\/uploads\/2024\/07\/nos-expertises-chez-Reisel-telecom-et-digital-scaled.webp\" \/>\n<meta name=\"twitter:card\" content=\"summary_large_image\" \/>\n<meta name=\"twitter:label1\" content=\"Estimated reading time\" \/>\n\t<meta name=\"twitter:data1\" content=\"1 minute\" \/>\n<script type=\"application\/ld+json\" class=\"yoast-schema-graph\">{\"@context\":\"https:\/\/schema.org\",\"@graph\":[{\"@type\":\"WebPage\",\"@id\":\"https:\/\/reisel.fr\/actu\/\",\"url\":\"https:\/\/reisel.fr\/actu\/\",\"name\":\"Actualit\u00e9s et insights en ing\u00e9nierie & gestion de projets | Reisel\",\"isPartOf\":{\"@id\":\"https:\/\/reisel.fr\/#website\"},\"primaryImageOfPage\":{\"@id\":\"https:\/\/reisel.fr\/actu\/#primaryimage\"},\"image\":{\"@id\":\"https:\/\/reisel.fr\/actu\/#primaryimage\"},\"thumbnailUrl\":\"https:\/\/reisel.fr\/wp-content\/uploads\/2024\/07\/nos-expertises-chez-Reisel-telecom-et-digital-scaled.webp\",\"datePublished\":\"2024-07-29T11:24:25+00:00\",\"dateModified\":\"2025-11-04T16:18:37+00:00\",\"description\":\"Restez inform\u00e9s des retours d\u2019exp\u00e9rience, innovations et tendances du secteur de l\u2019ing\u00e9nierie et de la gestion de projets avec les actualit\u00e9s de Reisel.\",\"breadcrumb\":{\"@id\":\"https:\/\/reisel.fr\/actu\/#breadcrumb\"},\"inLanguage\":\"en-GB\",\"potentialAction\":[{\"@type\":\"ReadAction\",\"target\":[\"https:\/\/reisel.fr\/actu\/\"]}]},{\"@type\":\"ImageObject\",\"inLanguage\":\"en-GB\",\"@id\":\"https:\/\/reisel.fr\/actu\/#primaryimage\",\"url\":\"https:\/\/reisel.fr\/wp-content\/uploads\/2024\/07\/nos-expertises-chez-Reisel-telecom-et-digital-scaled.webp\",\"contentUrl\":\"https:\/\/reisel.fr\/wp-content\/uploads\/2024\/07\/nos-expertises-chez-Reisel-telecom-et-digital-scaled.webp\"},{\"@type\":\"BreadcrumbList\",\"@id\":\"https:\/\/reisel.fr\/actu\/#breadcrumb\",\"itemListElement\":[{\"@type\":\"ListItem\",\"position\":1,\"name\":\"Accueil\",\"item\":\"https:\/\/reisel.fr\/\"},{\"@type\":\"ListItem\",\"position\":2,\"name\":\"Actu\"}]},{\"@type\":\"WebSite\",\"@id\":\"https:\/\/reisel.fr\/#website\",\"url\":\"https:\/\/reisel.fr\/\",\"name\":\"Reisel\",\"description\":\"\",\"publisher\":{\"@id\":\"https:\/\/reisel.fr\/#organization\"},\"potentialAction\":[{\"@type\":\"SearchAction\",\"target\":{\"@type\":\"EntryPoint\",\"urlTemplate\":\"https:\/\/reisel.fr\/?s={search_term_string}\"},\"query-input\":{\"@type\":\"PropertyValueSpecification\",\"valueRequired\":true,\"valueName\":\"search_term_string\"}}],\"inLanguage\":\"en-GB\"},{\"@type\":\"Organization\",\"@id\":\"https:\/\/reisel.fr\/#organization\",\"name\":\"Reisel\",\"url\":\"https:\/\/reisel.fr\/\",\"logo\":{\"@type\":\"ImageObject\",\"inLanguage\":\"en-GB\",\"@id\":\"https:\/\/reisel.fr\/#\/schema\/logo\/image\/\",\"url\":\"https:\/\/reisel.fr\/wp-content\/uploads\/2024\/07\/cropped-Logo-Reisel.png\",\"contentUrl\":\"https:\/\/reisel.fr\/wp-content\/uploads\/2024\/07\/cropped-Logo-Reisel.png\",\"width\":1488,\"height\":1139,\"caption\":\"Reisel\"},\"image\":{\"@id\":\"https:\/\/reisel.fr\/#\/schema\/logo\/image\/\"}}]}<\/script>\n<!-- \/ Yoast SEO plugin. -->","yoast_head_json":{"title":"News and insights in engineering &amp; project management | Reisel","description":"Keep up to date with feedback, innovations and trends in the engineering and project management sector with Reisel news.","robots":{"index":"index","follow":"follow","max-snippet":"max-snippet:-1","max-image-preview":"max-image-preview:large","max-video-preview":"max-video-preview:-1"},"canonical":"https:\/\/reisel.fr\/en\/actu\/","og_locale":"en_GB","og_type":"article","og_title":"Actualit\u00e9s et insights en ing\u00e9nierie & gestion de projets | Reisel","og_description":"Restez inform\u00e9s des retours d\u2019exp\u00e9rience, innovations et tendances du secteur de l\u2019ing\u00e9nierie et de la gestion de projets avec les actualit\u00e9s de Reisel.","og_url":"https:\/\/reisel.fr\/en\/actu\/","og_site_name":"Reisel","article_modified_time":"2025-11-04T16:18:37+00:00","og_image":[{"url":"https:\/\/reisel.fr\/wp-content\/uploads\/2024\/07\/nos-expertises-chez-Reisel-telecom-et-digital-scaled.webp","type":"","width":"","height":""}],"twitter_card":"summary_large_image","twitter_misc":{"Estimated reading time":"1 minute"},"schema":{"@context":"https:\/\/schema.org","@graph":[{"@type":"WebPage","@id":"https:\/\/reisel.fr\/actu\/","url":"https:\/\/reisel.fr\/actu\/","name":"News and insights in engineering &amp; project management | Reisel","isPartOf":{"@id":"https:\/\/reisel.fr\/#website"},"primaryImageOfPage":{"@id":"https:\/\/reisel.fr\/actu\/#primaryimage"},"image":{"@id":"https:\/\/reisel.fr\/actu\/#primaryimage"},"thumbnailUrl":"https:\/\/reisel.fr\/wp-content\/uploads\/2024\/07\/nos-expertises-chez-Reisel-telecom-et-digital-scaled.webp","datePublished":"2024-07-29T11:24:25+00:00","dateModified":"2025-11-04T16:18:37+00:00","description":"Keep up to date with feedback, innovations and trends in the engineering and project management sector with Reisel news.","breadcrumb":{"@id":"https:\/\/reisel.fr\/actu\/#breadcrumb"},"inLanguage":"en-GB","potentialAction":[{"@type":"ReadAction","target":["https:\/\/reisel.fr\/actu\/"]}]},{"@type":"ImageObject","inLanguage":"en-GB","@id":"https:\/\/reisel.fr\/actu\/#primaryimage","url":"https:\/\/reisel.fr\/wp-content\/uploads\/2024\/07\/nos-expertises-chez-Reisel-telecom-et-digital-scaled.webp","contentUrl":"https:\/\/reisel.fr\/wp-content\/uploads\/2024\/07\/nos-expertises-chez-Reisel-telecom-et-digital-scaled.webp"},{"@type":"BreadcrumbList","@id":"https:\/\/reisel.fr\/actu\/#breadcrumb","itemListElement":[{"@type":"ListItem","position":1,"name":"Accueil","item":"https:\/\/reisel.fr\/"},{"@type":"ListItem","position":2,"name":"Actu"}]},{"@type":"WebSite","@id":"https:\/\/reisel.fr\/#website","url":"https:\/\/reisel.fr\/","name":"Reisel","description":"","publisher":{"@id":"https:\/\/reisel.fr\/#organization"},"potentialAction":[{"@type":"SearchAction","target":{"@type":"EntryPoint","urlTemplate":"https:\/\/reisel.fr\/?s={search_term_string}"},"query-input":{"@type":"PropertyValueSpecification","valueRequired":true,"valueName":"search_term_string"}}],"inLanguage":"en-GB"},{"@type":"Organization","@id":"https:\/\/reisel.fr\/#organization","name":"Reisel","url":"https:\/\/reisel.fr\/","logo":{"@type":"ImageObject","inLanguage":"en-GB","@id":"https:\/\/reisel.fr\/#\/schema\/logo\/image\/","url":"https:\/\/reisel.fr\/wp-content\/uploads\/2024\/07\/cropped-Logo-Reisel.png","contentUrl":"https:\/\/reisel.fr\/wp-content\/uploads\/2024\/07\/cropped-Logo-Reisel.png","width":1488,"height":1139,"caption":"Reisel"},"image":{"@id":"https:\/\/reisel.fr\/#\/schema\/logo\/image\/"}}]}},"_links":{"self":[{"href":"https:\/\/reisel.fr\/en\/wp-json\/wp\/v2\/pages\/23","targetHints":{"allow":["GET"]}}],"collection":[{"href":"https:\/\/reisel.fr\/en\/wp-json\/wp\/v2\/pages"}],"about":[{"href":"https:\/\/reisel.fr\/en\/wp-json\/wp\/v2\/types\/page"}],"author":[{"embeddable":true,"href":"https:\/\/reisel.fr\/en\/wp-json\/wp\/v2\/users\/2"}],"replies":[{"embeddable":true,"href":"https:\/\/reisel.fr\/en\/wp-json\/wp\/v2\/comments?post=23"}],"version-history":[{"count":0,"href":"https:\/\/reisel.fr\/en\/wp-json\/wp\/v2\/pages\/23\/revisions"}],"wp:attachment":[{"href":"https:\/\/reisel.fr\/en\/wp-json\/wp\/v2\/media?parent=23"}],"curies":[{"name":"wp","href":"https:\/\/api.w.org\/{rel}","templated":true}]}}